{"id":4061,"date":"2019-12-01T12:47:27","date_gmt":"2019-12-01T10:47:27","guid":{"rendered":"https:\/\/www.cabine.pt\/?page_id=4061"},"modified":"2019-12-01T13:12:54","modified_gmt":"2019-12-01T11:12:54","slug":"agencia","status":"publish","type":"page","link":"https:\/\/www.cabine.pt\/es\/agencia","title":{"rendered":"Agencia"},"content":{"rendered":"\n\t\t\t\t<p class=\"rs-p-wp-fix\"><\/p>\n\t\t\t\t<sr7-module data-alias=\"zineES\" data-id=\"17\" id=\"SR7_17_1\" class=\"rs-ov-hidden\" data-version=\"6.7.53\">\n\t\t\t\t\t<sr7-adjuster><\/sr7-adjuster>\n\t\t\t\t\t<sr7-content>\n\t\t\t\t\t\t<sr7-slide id=\"SR7_17_1-48\" data-key=\"48\">\n\t\t\t\t\t\t\t<sr7-txt id=\"SR7_17_1-48-3\" class=\"sr7-layer\">QU\u00c9 ES<\/sr7-txt>\n\t\t\t\t\t\t\t<sr7-txt id=\"SR7_17_1-48-4\" class=\"sr7-layer\">AGENCIA CREATIVA<br\/>\nSERVICIO INTEGRAL<\/sr7-txt>\n\t\t\t\t\t\t\t<sr7-txt id=\"SR7_17_1-48-6\" class=\"sr7-layer\"> Eleva marcas y sus historias para la nueva era digital. Desde 2003.<br\/>\n<br\/>Para destacarse de la competencia, las empresas necesitan ser reconocidas. Tranformamos lo que ellas hacen agregando valor a sus marcas. <br\/>\n<br\/>\nAsegura la estrategia creativa, crea contenidos digitales. <\/sr7-txt>\n\t\t\t\t\t\t\t<sr7-txt id=\"SR7_17_1-48-7\" class=\"sr7-layer\">VER TRABAJOS<\/sr7-txt>\n\t\t\t\t\t\t<\/sr7-slide>\n\t\t\t\t\t\t<sr7-slide id=\"SR7_17_1-51\" data-key=\"51\">\n\t\t\t\t\t\t\t<sr7-txt id=\"SR7_17_1-51-3\" class=\"sr7-layer\">SERVICIOS<\/sr7-txt>\n\t\t\t\t\t\t\t<sr7-txt id=\"SR7_17_1-51-4\" class=\"sr7-layer\">DISE\u00d1O<br\/>\nGR\u00c1FICO<\/sr7-txt>\n\t\t\t\t\t\t\t<sr7-txt id=\"SR7_17_1-51-6\" class=\"sr7-layer\">No nos preguntes c\u00f3mo funciona el Kerning. Confiar basta.<br\/>\n<br\/>Como comunicadores visuales, buscamos un delicado equilibrio entre la claridad e innovaci\u00f3n de trabajos de Impresi\u00f3n, video y web. \n<\/sr7-txt>\n\t\t\t\t\t\t\t<sr7-txt id=\"SR7_17_1-51-7\" class=\"sr7-layer\">VER TRABAJOS<\/sr7-txt>\n\t\t\t\t\t\t<\/sr7-slide>\n\t\t\t\t\t\t<sr7-slide id=\"SR7_17_1-49\" data-key=\"49\">\n\t\t\t\t\t\t\t<sr7-txt id=\"SR7_17_1-49-3\" class=\"sr7-layer\">SERVICIOS<\/sr7-txt>\n\t\t\t\t\t\t\t<sr7-txt id=\"SR7_17_1-49-4\" class=\"sr7-layer\">FOTO<br\/>\nY<br\/>\nVIDEO<\/sr7-txt>\n\t\t\t\t\t\t\t<sr7-txt id=\"SR7_17_1-49-6\" class=\"sr7-layer\">No nos preguntes c\u00f3mo funciona la distancia focal. Confiar basta.<br\/>\n<br\/>\nServicios de video y fotograf\u00eda computarizada, que incluye filmaci\u00f3n de eventos. Especializados en fotograf\u00eda de eventos privados, comerciales e industriales. Video clips, animaciones gr\u00e1ficas (motion graphics) y fotograf\u00edas de productos. \n\n<\/sr7-txt>\n\t\t\t\t\t\t\t<sr7-txt id=\"SR7_17_1-49-7\" class=\"sr7-layer\">VER TRABAJOS<\/sr7-txt>\n\t\t\t\t\t\t<\/sr7-slide>\n\t\t\t\t\t\t<sr7-slide id=\"SR7_17_1-50\" data-key=\"50\">\n\t\t\t\t\t\t\t<sr7-txt id=\"SR7_17_1-50-3\" class=\"sr7-layer\">SERVICIOS<\/sr7-txt>\n\t\t\t\t\t\t\t<sr7-txt id=\"SR7_17_1-50-4\" class=\"sr7-layer\">PRODUCCI\u00d3N<br\/>\nDE AUDIO<\/sr7-txt>\n\t\t\t\t\t\t\t<sr7-txt id=\"SR7_17_1-50-6\" class=\"sr7-layer\">No nos preguntes c\u00f3mo funciona Bitrate. Confiar basta.<br\/>\n <br\/>Profesionales de la m\u00fasica que aseguran todas las fases de producci\u00f3n desde grabaci\u00f3n hasta masterizaci\u00f3n. Estas fases incluyen, dise\u00f1o de sonido, edici\u00f3n de sonido, mezcla de audio y efectos. <br\/>\n <br\/> Producci\u00f3n Musical, Doblajes, TV. Cinema y Publicidad.\n<\/sr7-txt>\n\t\t\t\t\t\t\t<sr7-txt id=\"SR7_17_1-50-7\" class=\"sr7-layer\">VER TRABAJOS<\/sr7-txt>\n\t\t\t\t\t\t<\/sr7-slide>\n\t\t\t\t\t\t<sr7-slide id=\"SR7_17_1-99\" data-key=\"99\">\n\t\t\t\t\t\t<\/sr7-slide>\n\t\t\t\t\t<\/sr7-content>\n\t\t\t\t\t<image_lists style=\"display:none\">\n\t\t\t\t\t\t<img data-src=\"\/\/www.cabine.pt\/wp-content\/uploads\/2017\/01\/aboutUs-1.jpg\" data-libid=\"3417\" title=\"aboutUs\" width=\"0\" height=\"0\" data-dbsrc=\"Ly93d3cuY2FiaW5lLnB0L3dwLWNvbnRlbnQvdXBsb2Fkcy8yMDE3LzAxL2Fib3V0VXMtMS5qcGc=\"\/>\n\t\t\t\t\t\t<img data-src=\"\/\/www.cabine.pt\/wp-content\/uploads\/2017\/01\/aboutUsPhoto.jpg\" data-libid=\"3387\" title=\"aboutUsPhoto\" width=\"0\" height=\"0\" data-dbsrc=\"Ly93d3cuY2FiaW5lLnB0L3dwLWNvbnRlbnQvdXBsb2Fkcy8yMDE3LzAxL2Fib3V0VXNQaG90by5qcGc=\"\/>\n\t\t\t\t\t\t<img data-src=\"\/\/www.cabine.pt\/wp-content\/uploads\/2017\/01\/aboutUsPhotoAudio.jpg\" data-libid=\"3389\" title=\"aboutUsPhotoAudio\" width=\"0\" height=\"0\" data-dbsrc=\"Ly93d3cuY2FiaW5lLnB0L3dwLWNvbnRlbnQvdXBsb2Fkcy8yMDE3LzAxL2Fib3V0VXNQaG90b0F1ZGlvLmpwZw==\"\/>\n\t\t\t\t\t\t<img data-src=\"\/\/www.cabine.pt\/wp-content\/uploads\/2017\/01\/aboutUsVisual.jpg\" data-libid=\"3412\" title=\"aboutUsVisual\" width=\"0\" height=\"0\" data-dbsrc=\"Ly93d3cuY2FiaW5lLnB0L3dwLWNvbnRlbnQvdXBsb2Fkcy8yMDE3LzAxL2Fib3V0VXNWaXN1YWwuanBn\"\/>\n\t\t\t\t\t<\/image_lists>\n\t\t\t\t<\/sr7-module>\n\t\t\t\t<script>\n\t\t\t\t\twindow.SR7 ??={};SR7.PMH ??={}; SR7.PMH[\"SR7_17_1\"] = {cn:100,state:false,fn: function() { if (window._tpt!==undefined && window._tpt.prepareModuleHeight !== undefined) {  _tpt.prepareModuleHeight({id:\"SR7_17_1\",el:[1000,1000,900,700,700],type:'standard',shdw:'0',gh:[1000,1000,900,700,700],gw:[1400,1400,1200,1000,480],vpt:['-200px&#039;,&#039;-200px&#039;,&#039;-200px&#039;,&#039;-200px&#039;,&#039;-200px'],size:{fullWidth:true, fullHeight:false},mh:'0',onh:0,onw:0,bg:{color:'{\"orig\":\"transparent\",\"type\":\"solid\",\"string\":\"transparent\"}'},plType:'-1',plColor:'#FFFFFF'});   SR7.PMH[\"SR7_17_1\"].state=true;} else if(SR7.PMH[\"SR7_17_1\"].cn-->0)\tsetTimeout( SR7.PMH[\"SR7_17_1\"].fn,19);}};SR7.PMH[\"SR7_17_1\" ].fn();\n\t\t\t\t<\/script>\n\n","protected":false},"excerpt":{"rendered":"","protected":false},"author":2,"featured_media":0,"parent":0,"menu_order":0,"comment_status":"closed","ping_status":"closed","template":"..\/public\/views\/revslider-page-template.php","meta":{"advanced_seo_description":"","jetpack_seo_html_title":"","jetpack_seo_noindex":false,"footnotes":""},"class_list":["post-4061","page","type-page","status-publish","hentry"],"jetpack_sharing_enabled":true,"jetpack_shortlink":"https:\/\/wp.me\/P6hLhL-13v","_links":{"self":[{"href":"https:\/\/www.cabine.pt\/es\/wp-json\/wp\/v2\/pages\/4061","targetHints":{"allow":["GET"]}}],"collection":[{"href":"https:\/\/www.cabine.pt\/es\/wp-json\/wp\/v2\/pages"}],"about":[{"href":"https:\/\/www.cabine.pt\/es\/wp-json\/wp\/v2\/types\/page"}],"author":[{"embeddable":true,"href":"https:\/\/www.cabine.pt\/es\/wp-json\/wp\/v2\/users\/2"}],"replies":[{"embeddable":true,"href":"https:\/\/www.cabine.pt\/es\/wp-json\/wp\/v2\/comments?post=4061"}],"version-history":[{"count":2,"href":"https:\/\/www.cabine.pt\/es\/wp-json\/wp\/v2\/pages\/4061\/revisions"}],"predecessor-version":[{"id":4063,"href":"https:\/\/www.cabine.pt\/es\/wp-json\/wp\/v2\/pages\/4061\/revisions\/4063"}],"wp:attachment":[{"href":"https:\/\/www.cabine.pt\/es\/wp-json\/wp\/v2\/media?parent=4061"}],"curies":[{"name":"wp","href":"https:\/\/api.w.org\/{rel}","templated":true}]}}